{"id":7328,"date":"2018-11-20T11:33:05","date_gmt":"2018-11-20T10:33:05","guid":{"rendered":"https:\/\/albinario.de\/impressum\/"},"modified":"2026-02-02T15:59:51","modified_gmt":"2026-02-02T14:59:51","slug":"impressum","status":"publish","type":"page","link":"https:\/\/albinario.de\/it\/impressum\/","title":{"rendered":"Impressum"},"content":{"rendered":"<p>[et_pb_section fb_built=&#8221;1&#8243; fullwidth=&#8221;on&#8221; disabled_on=&#8221;off|off|off&#8221; admin_label=&#8221;Hero&#8221; _builder_version=&#8221;4.4.8&#8243; background_color=&#8221;#1f1f1f&#8221; parallax=&#8221;on&#8221; custom_padding=&#8221;|||&#8221; transparent_background=&#8221;on&#8221;][et_pb_fullwidth_header title=&#8221;Impressum&#8221; text_orientation=&#8221;center&#8221; background_overlay_color=&#8221;rgba(2,2,2,0.71)&#8221; subhead_font_color=&#8221;#bebebe&#8221; _builder_version=&#8221;4.4.8&#8243; title_font=&#8221;albinario 2||||||||&#8221; title_text_color=&#8221;#afafaf&#8221; title_font_size=&#8221;35px&#8221; title_line_height=&#8221;1.3em&#8221; content_font=&#8221;Montserrat||||&#8221; content_text_color=&#8221;#bfbfbf&#8221; content_font_size=&#8221;19px&#8221; content_line_height=&#8221;1.8em&#8221; subhead_font=&#8221;Montserrat||||&#8221; subhead_text_color=&#8221;#bebebe&#8221; subhead_line_height=&#8221;1.8em&#8221; background_color=&#8221;rgba(255,255,255,0)&#8221; background_image=&#8221;https:\/\/albinario.de\/wp-content\/uploads\/2020\/07\/20200704_153557.jpg&#8221; custom_padding=&#8221;5%||5%|&#8221; animation_style=&#8221;zoom&#8221; animation_duration=&#8221;1500ms&#8221; animation_intensity_zoom=&#8221;4%&#8221; title_line_height_last_edited=&#8221;off|desktop&#8221; button_one_text_size__hover_enabled=&#8221;off&#8221; button_two_text_size__hover_enabled=&#8221;off&#8221; button_one_text_color__hover_enabled=&#8221;off&#8221; button_two_text_color__hover_enabled=&#8221;off&#8221; button_one_border_width__hover_enabled=&#8221;off&#8221; button_two_border_width__hover_enabled=&#8221;off&#8221; button_one_border_color__hover_enabled=&#8221;off&#8221; button_two_border_color__hover_enabled=&#8221;off&#8221; button_one_border_radius__hover_enabled=&#8221;off&#8221; button_two_border_radius__hover_enabled=&#8221;off&#8221; button_one_letter_spacing__hover_enabled=&#8221;off&#8221; button_two_letter_spacing__hover_enabled=&#8221;off&#8221; button_one_bg_color__hover_enabled=&#8221;off&#8221; button_two_bg_color__hover_enabled=&#8221;off&#8221;][\/et_pb_fullwidth_header][\/et_pb_section][et_pb_section fb_built=&#8221;1&#8243; _builder_version=&#8221;4.4.8&#8243; custom_padding=&#8221;||49px|||&#8221;][et_pb_row _builder_version=&#8221;4.4.8&#8243;][et_pb_column type=&#8221;4_4&#8243; _builder_version=&#8221;4.4.8&#8243;][et_pb_text _builder_version=&#8221;4.4.8&#8243;]<\/p>\n<h2 style=\"text-align: center;\">Informazioni ai sensi del \u00a7 5 TMG<\/h2>\n<p>&nbsp;<\/p>\n<p style=\"text-align: center;\">Trattoria albinario<\/p>\n<p style=\"text-align: center;\">Pasquale Damiani<\/p>\n<p style=\"text-align: center;\">Rentamtstra\u00dfe 1<\/p>\n<p style=\"text-align: center;\">66386 Sankt Ingbert<\/p>\n<p style=\"text-align: center;\">\n<p style=\"text-align: center;\">\n<p style=\"text-align: center;\">\n<p style=\"text-align: center;\">\n<h2 style=\"text-align: center;\">Contatti<\/h2>\n<p>&nbsp;<\/p>\n<p>&nbsp;<\/p>\n<p style=\"text-align: center;\">Telefono: 06894 9989072<\/p>\n<p style=\"text-align: center;\">E-mail: <a href=\"mailto:info@albinario.de\">info@albinario.de<\/a><\/p>\n<p style=\"text-align: center;\">\n<p style=\"text-align: center;\">\n<p style=\"text-align: center;\">\n<p style=\"text-align: center;\">\n<p style=\"text-align: center;\">\n<h3 style=\"text-align: center;\">Responsabilit\u00e0 per i contenuti<\/h3>\n<p style=\"text-align: center;\">In qualit\u00e0 di fornitori di servizi, ai sensi del \u00a7 7 comma 1 del TMG, siamo responsabili dei nostri contenuti su queste pagine in conformit\u00e0 con le leggi generali. Ai sensi dei \u00a7\u00a7 8-10 del TMG, in qualit\u00e0 di fornitori di servizi, non siamo tuttavia obbligati a monitorare le informazioni di terzi trasmesse o memorizzate, n\u00e9 a indagare su circostanze che indichino un&#8217;attivit\u00e0 illegale.  <\/p>\n<p style=\"text-align: center;\">Gli obblighi di rimuovere o bloccare l&#8217;uso delle informazioni in conformit\u00e0 con le leggi generali rimangono inalterati. Tuttavia, la responsabilit\u00e0 in tal senso \u00e8 possibile solo a partire dal momento in cui si viene a conoscenza di una specifica violazione legale. In caso di notifica di tali violazioni legali, rimuoveremo immediatamente tali contenuti.  <\/p>\n<p style=\"text-align: center;\">\n<p style=\"text-align: center;\">\n<p style=\"text-align: center;\">\n<h3 style=\"text-align: center;\">Responsabilit\u00e0 per i link<\/h3>\n<p style=\"text-align: center;\">La nostra offerta contiene link a siti web esterni di terzi, sui cui contenuti non abbiamo alcuna influenza. Pertanto, non possiamo assumerci alcuna responsabilit\u00e0 per questi contenuti esterni. Il rispettivo fornitore o gestore delle pagine \u00e8 sempre responsabile del contenuto delle pagine collegate. Le pagine collegate sono state controllate per possibili violazioni legali al momento del collegamento. I contenuti illegali non erano riconoscibili al momento del collegamento.    <\/p>\n<p style=\"text-align: center;\">Tuttavia, un controllo permanente del contenuto delle pagine collegate non \u00e8 ragionevole senza prove concrete di una violazione legale. In caso di notifica di violazioni legali, rimuoveremo immediatamente tali link. <\/p>\n<p style=\"text-align: center;\">\n<p style=\"text-align: center;\">\n<p style=\"text-align: center;\">\n<h3 style=\"text-align: center;\">Diritto d&#8217;autore<\/h3>\n<p style=\"text-align: center;\">I contenuti e le opere creati dai gestori del sito su queste pagine sono soggetti al diritto d&#8217;autore tedesco. La riproduzione, la modifica, la distribuzione e qualsiasi tipo di sfruttamento al di fuori dei limiti del diritto d&#8217;autore richiedono il consenso scritto del rispettivo autore o creatore. I download e le copie di questa pagina sono consentiti solo per uso privato e non commerciale.  <\/p>\n<p style=\"text-align: center;\">Nella misura in cui il contenuto di questa pagina non \u00e8 stato creato dal gestore, vengono rispettati i diritti d&#8217;autore di terzi. In particolare, i contenuti di terzi sono contrassegnati come tali. Se tuttavia doveste venire a conoscenza di una violazione del diritto d&#8217;autore, vi preghiamo di informarci di conseguenza. In caso di notifica di violazioni legali, rimuoveremo immediatamente tali contenuti.   <\/p>\n<p style=\"text-align: center;\">\n<p style=\"text-align: center;\">\n<p style=\"text-align: center;\">Fonte: <a href=\"https:\/\/www.e-recht24.de\" target=\"_blank\" rel=\"noopener\">e-recht24.de<\/a><\/p>\n<p>[\/et_pb_text][\/et_pb_column][\/et_pb_row][\/et_pb_section]<\/p>\n","protected":false},"excerpt":{"rendered":"<p>Informazioni ai sensi del \u00a7 5 TMG &nbsp; Trattoria albinario Pasquale Damiani Rentamtstra\u00dfe 1 66386 Sankt Ingbert Contatti &nbsp; &nbsp; Telefono: 06894 9989072 E-mail: info@albinario.de Responsabilit\u00e0 per i contenuti In qualit\u00e0 di fornitori di servizi, ai sensi del \u00a7 7 comma 1 del TMG, siamo responsabili dei nostri contenuti su queste pagine in conformit\u00e0 con [&hellip;]<\/p>\n","protected":false},"author":1,"featured_media":0,"parent":0,"menu_order":0,"comment_status":"closed","ping_status":"closed","template":"","meta":{"_et_pb_use_builder":"on","_et_pb_old_content":"","_et_gb_content_width":"","_mbp_gutenberg_autopost":false,"footnotes":""},"class_list":["post-7328","page","type-page","status-publish","hentry"],"_links":{"self":[{"href":"https:\/\/albinario.de\/it\/wp-json\/wp\/v2\/pages\/7328","targetHints":{"allow":["GET"]}}],"collection":[{"href":"https:\/\/albinario.de\/it\/wp-json\/wp\/v2\/pages"}],"about":[{"href":"https:\/\/albinario.de\/it\/wp-json\/wp\/v2\/types\/page"}],"author":[{"embeddable":true,"href":"https:\/\/albinario.de\/it\/wp-json\/wp\/v2\/users\/1"}],"replies":[{"embeddable":true,"href":"https:\/\/albinario.de\/it\/wp-json\/wp\/v2\/comments?post=7328"}],"version-history":[{"count":1,"href":"https:\/\/albinario.de\/it\/wp-json\/wp\/v2\/pages\/7328\/revisions"}],"predecessor-version":[{"id":7332,"href":"https:\/\/albinario.de\/it\/wp-json\/wp\/v2\/pages\/7328\/revisions\/7332"}],"wp:attachment":[{"href":"https:\/\/albinario.de\/it\/wp-json\/wp\/v2\/media?parent=7328"}],"curies":[{"name":"wp","href":"https:\/\/api.w.org\/{rel}","templated":true}]}}